{"id":56,"date":"2024-09-09T11:35:26","date_gmt":"2024-09-09T09:35:26","guid":{"rendered":"https:\/\/jos3migu3lcab3zu3lo.es\/EscuelaMTBMalaga\/?page_id=56"},"modified":"2024-09-09T12:09:19","modified_gmt":"2024-09-09T10:09:19","slug":"galeria-de-imagenes","status":"publish","type":"page","link":"https:\/\/jos3migu3lcab3zu3lo.es\/EscuelaMTBMalaga\/galeria-de-imagenes\/","title":{"rendered":"Galer\u00eda de Im\u00e1genes"},"content":{"rendered":"\n<div style=\"height:var(--wp--preset--spacing--50)\" aria-hidden=\"true\" class=\"wp-block-spacer\"><\/div>\n\n\n\n<div class=\"wp-block-group alignwide has-global-padding is-layout-constrained wp-block-group-is-layout-constrained\">\n<h1 class=\"wp-block-heading alignwide has-xx-large-font-size\" style=\"line-height:1.2\">A continuaci\u00f3n podemos ver una galer\u00eda de im\u00e1genes de diversos momentos &#8230;<\/h1>\n<\/div>\n\n\n\n<div class=\"wp-block-group alignfull has-global-padding is-layout-constrained wp-container-core-group-is-layout-b25ccd55 wp-block-group-is-layout-constrained\" style=\"margin-top:0;margin-bottom:0;padding-top:var(--wp--preset--spacing--50);padding-right:var(--wp--preset--spacing--50);padding-bottom:var(--wp--preset--spacing--50);padding-left:var(--wp--preset--spacing--50)\">\n<div class=\"wp-block-columns alignwide is-layout-flex wp-container-core-columns-is-layout-ff4b9c61 wp-block-columns-is-layout-flex\" style=\"margin-top:0;margin-bottom:0\">\n<div class=\"wp-block-column is-layout-flow wp-container-core-column-is-layout-8a368f38 wp-block-column-is-layout-flow\">\n<figure class=\"wp-block-image size-full is-style-rounded is-style-rounded--1\"><img loading=\"lazy\" decoding=\"async\" width=\"589\" height=\"376\" src=\"https:\/\/jos3migu3lcab3zu3lo.es\/EscuelaMTBMalaga\/wp-content\/uploads\/2024\/09\/imgClub-1.jpg\" alt=\"\" class=\"wp-image-75\" style=\"aspect-ratio:4\/3;object-fit:cover\" srcset=\"https:\/\/jos3migu3lcab3zu3lo.es\/EscuelaMTBMalaga\/wp-content\/uploads\/2024\/09\/imgClub-1.jpg 589w, https:\/\/jos3migu3lcab3zu3lo.es\/EscuelaMTBMalaga\/wp-content\/uploads\/2024\/09\/imgClub-1-300x192.jpg 300w\" sizes=\"auto, (max-width: 589px) 100vw, 589px\" \/><\/figure>\n\n\n\n<div style=\"height:var(--wp--preset--spacing--50)\" aria-hidden=\"true\" class=\"wp-block-spacer\"><\/div>\n\n\n\n<figure class=\"wp-block-image size-full is-style-rounded is-style-rounded--2\"><img loading=\"lazy\" decoding=\"async\" width=\"630\" height=\"555\" src=\"https:\/\/jos3migu3lcab3zu3lo.es\/EscuelaMTBMalaga\/wp-content\/uploads\/2024\/09\/img2-5.jpg\" alt=\"\" class=\"wp-image-58\" style=\"aspect-ratio:3\/4;object-fit:cover\" srcset=\"https:\/\/jos3migu3lcab3zu3lo.es\/EscuelaMTBMalaga\/wp-content\/uploads\/2024\/09\/img2-5.jpg 630w, https:\/\/jos3migu3lcab3zu3lo.es\/EscuelaMTBMalaga\/wp-content\/uploads\/2024\/09\/img2-5-300x264.jpg 300w\" sizes=\"auto, (max-width: 630px) 100vw, 630px\" \/><\/figure>\n\n\n\n<div style=\"height:var(--wp--preset--spacing--50)\" aria-hidden=\"true\" class=\"wp-block-spacer\"><\/div>\n\n\n<\/div>\n\n\n\n<div class=\"wp-block-column is-layout-flow wp-container-core-column-is-layout-8a368f38 wp-block-column-is-layout-flow\">\n<div style=\"height:var(--wp--preset--spacing--50)\" aria-hidden=\"true\" class=\"wp-block-spacer\"><\/div>\n\n\n\n<figure class=\"wp-block-image size-full is-style-rounded is-style-rounded--4\"><img loading=\"lazy\" decoding=\"async\" width=\"86\" height=\"107\" src=\"https:\/\/jos3migu3lcab3zu3lo.es\/EscuelaMTBMalaga\/wp-content\/uploads\/2024\/09\/Migue_Arriba-1.jpg\" alt=\"\" class=\"wp-image-79\" style=\"aspect-ratio:3\/4;object-fit:cover\"\/><\/figure>\n\n\n\n<div style=\"height:var(--wp--preset--spacing--50)\" aria-hidden=\"true\" class=\"wp-block-spacer\"><\/div>\n\n\n\n<figure class=\"wp-block-image size-full is-style-rounded is-style-rounded--5\"><img loading=\"lazy\" decoding=\"async\" width=\"137\" height=\"138\" src=\"https:\/\/jos3migu3lcab3zu3lo.es\/EscuelaMTBMalaga\/wp-content\/uploads\/2024\/09\/img6.jpg\" alt=\"\" class=\"wp-image-82\" style=\"aspect-ratio:1;object-fit:cover\"\/><\/figure>\n\n\n\n<div style=\"height:var(--wp--preset--spacing--50)\" aria-hidden=\"true\" class=\"wp-block-spacer\"><\/div>\n\n\n\n<figure class=\"wp-block-image size-full is-style-rounded is-style-rounded--6\"><img loading=\"lazy\" decoding=\"async\" width=\"139\" height=\"139\" src=\"https:\/\/jos3migu3lcab3zu3lo.es\/EscuelaMTBMalaga\/wp-content\/uploads\/2024\/09\/img8.jpg\" alt=\"\" class=\"wp-image-84\" style=\"aspect-ratio:1;object-fit:cover\"\/><\/figure>\n<\/div>\n\n\n\n<div class=\"wp-block-column is-layout-flow wp-container-core-column-is-layout-8a368f38 wp-block-column-is-layout-flow\">\n<figure class=\"wp-block-image size-full is-style-rounded is-style-rounded--7\"><img loading=\"lazy\" decoding=\"async\" width=\"70\" height=\"105\" src=\"https:\/\/jos3migu3lcab3zu3lo.es\/EscuelaMTBMalaga\/wp-content\/uploads\/2024\/09\/Jose-Manuel_Arriba-1.jpg\" alt=\"\" class=\"wp-image-78\" style=\"aspect-ratio:3\/4;object-fit:cover\"\/><\/figure>\n\n\n\n<div style=\"height:var(--wp--preset--spacing--50)\" aria-hidden=\"true\" class=\"wp-block-spacer\"><\/div>\n\n\n\n<figure class=\"wp-block-image size-full is-style-rounded is-style-rounded--8\"><img loading=\"lazy\" decoding=\"async\" width=\"503\" height=\"568\" src=\"https:\/\/jos3migu3lcab3zu3lo.es\/EscuelaMTBMalaga\/wp-content\/uploads\/2024\/09\/img1-5.jpg\" alt=\"\" class=\"wp-image-87\" style=\"aspect-ratio:3\/4;object-fit:cover\" srcset=\"https:\/\/jos3migu3lcab3zu3lo.es\/EscuelaMTBMalaga\/wp-content\/uploads\/2024\/09\/img1-5.jpg 503w, https:\/\/jos3migu3lcab3zu3lo.es\/EscuelaMTBMalaga\/wp-content\/uploads\/2024\/09\/img1-5-266x300.jpg 266w\" sizes=\"auto, (max-width: 503px) 100vw, 503px\" \/><\/figure>\n\n\n\n<div style=\"height:var(--wp--preset--spacing--50)\" aria-hidden=\"true\" class=\"wp-block-spacer\"><\/div>\n\n\n\n<figure class=\"wp-block-image size-full is-style-rounded is-style-rounded--9\"><img loading=\"lazy\" decoding=\"async\" width=\"139\" height=\"140\" src=\"https:\/\/jos3migu3lcab3zu3lo.es\/EscuelaMTBMalaga\/wp-content\/uploads\/2024\/09\/img10.jpg\" alt=\"\" class=\"wp-image-85\" style=\"aspect-ratio:16\/9;object-fit:cover\"\/><\/figure>\n<\/div>\n\n\n\n<div class=\"wp-block-column is-layout-flow wp-container-core-column-is-layout-8a368f38 wp-block-column-is-layout-flow\">\n<div style=\"height:var(--wp--preset--spacing--50)\" aria-hidden=\"true\" class=\"wp-block-spacer\"><\/div>\n\n\n\n<figure class=\"wp-block-image size-full is-style-rounded is-style-rounded--10\"><img loading=\"lazy\" decoding=\"async\" width=\"503\" height=\"557\" src=\"https:\/\/jos3migu3lcab3zu3lo.es\/EscuelaMTBMalaga\/wp-content\/uploads\/2024\/09\/img3-2.jpg\" alt=\"\" class=\"wp-image-59\" style=\"aspect-ratio:1;object-fit:cover\" srcset=\"https:\/\/jos3migu3lcab3zu3lo.es\/EscuelaMTBMalaga\/wp-content\/uploads\/2024\/09\/img3-2.jpg 503w, https:\/\/jos3migu3lcab3zu3lo.es\/EscuelaMTBMalaga\/wp-content\/uploads\/2024\/09\/img3-2-271x300.jpg 271w\" sizes=\"auto, (max-width: 503px) 100vw, 503px\" \/><\/figure>\n\n\n\n<div style=\"height:var(--wp--preset--spacing--50)\" aria-hidden=\"true\" class=\"wp-block-spacer\"><\/div>\n\n\n\n<figure class=\"wp-block-image size-full is-style-rounded is-style-rounded--11\"><img loading=\"lazy\" decoding=\"async\" width=\"136\" height=\"137\" src=\"https:\/\/jos3migu3lcab3zu3lo.es\/EscuelaMTBMalaga\/wp-content\/uploads\/2024\/09\/img7-1.jpg\" alt=\"\" class=\"wp-image-86\" style=\"aspect-ratio:16\/9;object-fit:cover\"\/><\/figure>\n\n\n\n<div style=\"height:var(--wp--preset--spacing--50)\" aria-hidden=\"true\" class=\"wp-block-spacer\"><\/div>\n\n\n<\/div>\n<\/div>\n<\/div>\n","protected":false},"excerpt":{"rendered":"<p>A continuaci\u00f3n podemos ver una galer\u00eda de im\u00e1genes de diversos momentos &#8230;<\/p>\n","protected":false},"author":1,"featured_media":0,"parent":0,"menu_order":0,"comment_status":"closed","ping_status":"closed","template":"","meta":{"footnotes":""},"class_list":["post-56","page","type-page","status-publish","hentry"],"yoast_head":"<!-- This site is optimized with the Yoast SEO plugin v23.4 - https:\/\/yoast.com\/wordpress\/plugins\/seo\/ -->\n<title>Galer\u00eda de Im\u00e1genes - Escuela Ciclista Ciudad de M\u00e1laga<\/title>\n<meta name=\"robots\" content=\"noindex, follow, max-snippet:-1, max-image-preview:large, max-video-preview:-1\" \/>\n<meta property=\"og:locale\" content=\"es_ES\" \/>\n<meta property=\"og:type\" content=\"article\" \/>\n<meta property=\"og:title\" content=\"Galer\u00eda de Im\u00e1genes - Escuela Ciclista Ciudad de M\u00e1laga\" \/>\n<meta property=\"og:description\" content=\"A continuaci\u00f3n podemos ver una galer\u00eda de im\u00e1genes de diversos momentos &#8230;\" \/>\n<meta property=\"og:url\" content=\"https:\/\/jos3migu3lcab3zu3lo.es\/EscuelaMTBMalaga\/galeria-de-imagenes\/\" \/>\n<meta property=\"og:site_name\" content=\"Escuela Ciclista Ciudad de M\u00e1laga\" \/>\n<meta property=\"article:publisher\" content=\"https:\/\/www.facebook.com\/clubciclistaciudaddemalaga\" \/>\n<meta property=\"article:modified_time\" content=\"2024-09-09T10:09:19+00:00\" \/>\n<meta property=\"og:image\" content=\"https:\/\/jos3migu3lcab3zu3lo.es\/EscuelaMTBMalaga\/wp-content\/uploads\/2024\/09\/imgClub-1.jpg\" \/>\n<meta name=\"twitter:card\" content=\"summary_large_image\" \/>\n<script type=\"application\/ld+json\" class=\"yoast-schema-graph\">{\"@context\":\"https:\/\/schema.org\",\"@graph\":[{\"@type\":\"WebPage\",\"@id\":\"https:\/\/jos3migu3lcab3zu3lo.es\/EscuelaMTBMalaga\/galeria-de-imagenes\/\",\"url\":\"https:\/\/jos3migu3lcab3zu3lo.es\/EscuelaMTBMalaga\/galeria-de-imagenes\/\",\"name\":\"Galer\u00eda de Im\u00e1genes - Escuela Ciclista Ciudad de M\u00e1laga\",\"isPartOf\":{\"@id\":\"https:\/\/jos3migu3lcab3zu3lo.es\/EscuelaMTBMalaga\/#website\"},\"primaryImageOfPage\":{\"@id\":\"https:\/\/jos3migu3lcab3zu3lo.es\/EscuelaMTBMalaga\/galeria-de-imagenes\/#primaryimage\"},\"image\":{\"@id\":\"https:\/\/jos3migu3lcab3zu3lo.es\/EscuelaMTBMalaga\/galeria-de-imagenes\/#primaryimage\"},\"thumbnailUrl\":\"https:\/\/jos3migu3lcab3zu3lo.es\/EscuelaMTBMalaga\/wp-content\/uploads\/2024\/09\/imgClub-1.jpg\",\"datePublished\":\"2024-09-09T09:35:26+00:00\",\"dateModified\":\"2024-09-09T10:09:19+00:00\",\"breadcrumb\":{\"@id\":\"https:\/\/jos3migu3lcab3zu3lo.es\/EscuelaMTBMalaga\/galeria-de-imagenes\/#breadcrumb\"},\"inLanguage\":\"es\",\"potentialAction\":[{\"@type\":\"ReadAction\",\"target\":[\"https:\/\/jos3migu3lcab3zu3lo.es\/EscuelaMTBMalaga\/galeria-de-imagenes\/\"]}]},{\"@type\":\"ImageObject\",\"inLanguage\":\"es\",\"@id\":\"https:\/\/jos3migu3lcab3zu3lo.es\/EscuelaMTBMalaga\/galeria-de-imagenes\/#primaryimage\",\"url\":\"https:\/\/jos3migu3lcab3zu3lo.es\/EscuelaMTBMalaga\/wp-content\/uploads\/2024\/09\/imgClub-1.jpg\",\"contentUrl\":\"https:\/\/jos3migu3lcab3zu3lo.es\/EscuelaMTBMalaga\/wp-content\/uploads\/2024\/09\/imgClub-1.jpg\",\"width\":589,\"height\":376},{\"@type\":\"BreadcrumbList\",\"@id\":\"https:\/\/jos3migu3lcab3zu3lo.es\/EscuelaMTBMalaga\/galeria-de-imagenes\/#breadcrumb\",\"itemListElement\":[{\"@type\":\"ListItem\",\"position\":1,\"name\":\"Portada\",\"item\":\"https:\/\/jos3migu3lcab3zu3lo.es\/EscuelaMTBMalaga\/\"},{\"@type\":\"ListItem\",\"position\":2,\"name\":\"Galer\u00eda de Im\u00e1genes\"}]},{\"@type\":\"WebSite\",\"@id\":\"https:\/\/jos3migu3lcab3zu3lo.es\/EscuelaMTBMalaga\/#website\",\"url\":\"https:\/\/jos3migu3lcab3zu3lo.es\/EscuelaMTBMalaga\/\",\"name\":\"Club Ciclista Ciudad de M\u00e1laga\",\"description\":\"Somos un club ciclista en el que realizamos salidas cicloturistas todos los fines de semana, as\u00ed como impartimos clases durante la semana.\",\"publisher\":{\"@id\":\"https:\/\/jos3migu3lcab3zu3lo.es\/EscuelaMTBMalaga\/#organization\"},\"potentialAction\":[{\"@type\":\"SearchAction\",\"target\":{\"@type\":\"EntryPoint\",\"urlTemplate\":\"https:\/\/jos3migu3lcab3zu3lo.es\/EscuelaMTBMalaga\/?s={search_term_string}\"},\"query-input\":{\"@type\":\"PropertyValueSpecification\",\"valueRequired\":true,\"valueName\":\"search_term_string\"}}],\"inLanguage\":\"es\"},{\"@type\":\"Organization\",\"@id\":\"https:\/\/jos3migu3lcab3zu3lo.es\/EscuelaMTBMalaga\/#organization\",\"name\":\"Club Ciclista Ciudad de M\u00e1laga\",\"url\":\"https:\/\/jos3migu3lcab3zu3lo.es\/EscuelaMTBMalaga\/\",\"logo\":{\"@type\":\"ImageObject\",\"inLanguage\":\"es\",\"@id\":\"https:\/\/jos3migu3lcab3zu3lo.es\/EscuelaMTBMalaga\/#\/schema\/logo\/image\/\",\"url\":\"https:\/\/jos3migu3lcab3zu3lo.es\/EscuelaMTBMalaga\/wp-content\/uploads\/2024\/09\/Escuela2_chico.png\",\"contentUrl\":\"https:\/\/jos3migu3lcab3zu3lo.es\/EscuelaMTBMalaga\/wp-content\/uploads\/2024\/09\/Escuela2_chico.png\",\"width\":189,\"height\":75,\"caption\":\"Club Ciclista Ciudad de M\u00e1laga\"},\"image\":{\"@id\":\"https:\/\/jos3migu3lcab3zu3lo.es\/EscuelaMTBMalaga\/#\/schema\/logo\/image\/\"},\"sameAs\":[\"https:\/\/www.facebook.com\/clubciclistaciudaddemalaga\"]}]}<\/script>\n<!-- \/ Yoast SEO plugin. -->","yoast_head_json":{"title":"Galer\u00eda de Im\u00e1genes - Escuela Ciclista Ciudad de M\u00e1laga","robots":{"index":"noindex","follow":"follow","max-snippet":"max-snippet:-1","max-image-preview":"max-image-preview:large","max-video-preview":"max-video-preview:-1"},"og_locale":"es_ES","og_type":"article","og_title":"Galer\u00eda de Im\u00e1genes - Escuela Ciclista Ciudad de M\u00e1laga","og_description":"A continuaci\u00f3n podemos ver una galer\u00eda de im\u00e1genes de diversos momentos &#8230;","og_url":"https:\/\/jos3migu3lcab3zu3lo.es\/EscuelaMTBMalaga\/galeria-de-imagenes\/","og_site_name":"Escuela Ciclista Ciudad de M\u00e1laga","article_publisher":"https:\/\/www.facebook.com\/clubciclistaciudaddemalaga","article_modified_time":"2024-09-09T10:09:19+00:00","og_image":[{"url":"https:\/\/jos3migu3lcab3zu3lo.es\/EscuelaMTBMalaga\/wp-content\/uploads\/2024\/09\/imgClub-1.jpg"}],"twitter_card":"summary_large_image","schema":{"@context":"https:\/\/schema.org","@graph":[{"@type":"WebPage","@id":"https:\/\/jos3migu3lcab3zu3lo.es\/EscuelaMTBMalaga\/galeria-de-imagenes\/","url":"https:\/\/jos3migu3lcab3zu3lo.es\/EscuelaMTBMalaga\/galeria-de-imagenes\/","name":"Galer\u00eda de Im\u00e1genes - Escuela Ciclista Ciudad de M\u00e1laga","isPartOf":{"@id":"https:\/\/jos3migu3lcab3zu3lo.es\/EscuelaMTBMalaga\/#website"},"primaryImageOfPage":{"@id":"https:\/\/jos3migu3lcab3zu3lo.es\/EscuelaMTBMalaga\/galeria-de-imagenes\/#primaryimage"},"image":{"@id":"https:\/\/jos3migu3lcab3zu3lo.es\/EscuelaMTBMalaga\/galeria-de-imagenes\/#primaryimage"},"thumbnailUrl":"https:\/\/jos3migu3lcab3zu3lo.es\/EscuelaMTBMalaga\/wp-content\/uploads\/2024\/09\/imgClub-1.jpg","datePublished":"2024-09-09T09:35:26+00:00","dateModified":"2024-09-09T10:09:19+00:00","breadcrumb":{"@id":"https:\/\/jos3migu3lcab3zu3lo.es\/EscuelaMTBMalaga\/galeria-de-imagenes\/#breadcrumb"},"inLanguage":"es","potentialAction":[{"@type":"ReadAction","target":["https:\/\/jos3migu3lcab3zu3lo.es\/EscuelaMTBMalaga\/galeria-de-imagenes\/"]}]},{"@type":"ImageObject","inLanguage":"es","@id":"https:\/\/jos3migu3lcab3zu3lo.es\/EscuelaMTBMalaga\/galeria-de-imagenes\/#primaryimage","url":"https:\/\/jos3migu3lcab3zu3lo.es\/EscuelaMTBMalaga\/wp-content\/uploads\/2024\/09\/imgClub-1.jpg","contentUrl":"https:\/\/jos3migu3lcab3zu3lo.es\/EscuelaMTBMalaga\/wp-content\/uploads\/2024\/09\/imgClub-1.jpg","width":589,"height":376},{"@type":"BreadcrumbList","@id":"https:\/\/jos3migu3lcab3zu3lo.es\/EscuelaMTBMalaga\/galeria-de-imagenes\/#breadcrumb","itemListElement":[{"@type":"ListItem","position":1,"name":"Portada","item":"https:\/\/jos3migu3lcab3zu3lo.es\/EscuelaMTBMalaga\/"},{"@type":"ListItem","position":2,"name":"Galer\u00eda de Im\u00e1genes"}]},{"@type":"WebSite","@id":"https:\/\/jos3migu3lcab3zu3lo.es\/EscuelaMTBMalaga\/#website","url":"https:\/\/jos3migu3lcab3zu3lo.es\/EscuelaMTBMalaga\/","name":"Club Ciclista Ciudad de M\u00e1laga","description":"Somos un club ciclista en el que realizamos salidas cicloturistas todos los fines de semana, as\u00ed como impartimos clases durante la semana.","publisher":{"@id":"https:\/\/jos3migu3lcab3zu3lo.es\/EscuelaMTBMalaga\/#organization"},"potentialAction":[{"@type":"SearchAction","target":{"@type":"EntryPoint","urlTemplate":"https:\/\/jos3migu3lcab3zu3lo.es\/EscuelaMTBMalaga\/?s={search_term_string}"},"query-input":{"@type":"PropertyValueSpecification","valueRequired":true,"valueName":"search_term_string"}}],"inLanguage":"es"},{"@type":"Organization","@id":"https:\/\/jos3migu3lcab3zu3lo.es\/EscuelaMTBMalaga\/#organization","name":"Club Ciclista Ciudad de M\u00e1laga","url":"https:\/\/jos3migu3lcab3zu3lo.es\/EscuelaMTBMalaga\/","logo":{"@type":"ImageObject","inLanguage":"es","@id":"https:\/\/jos3migu3lcab3zu3lo.es\/EscuelaMTBMalaga\/#\/schema\/logo\/image\/","url":"https:\/\/jos3migu3lcab3zu3lo.es\/EscuelaMTBMalaga\/wp-content\/uploads\/2024\/09\/Escuela2_chico.png","contentUrl":"https:\/\/jos3migu3lcab3zu3lo.es\/EscuelaMTBMalaga\/wp-content\/uploads\/2024\/09\/Escuela2_chico.png","width":189,"height":75,"caption":"Club Ciclista Ciudad de M\u00e1laga"},"image":{"@id":"https:\/\/jos3migu3lcab3zu3lo.es\/EscuelaMTBMalaga\/#\/schema\/logo\/image\/"},"sameAs":["https:\/\/www.facebook.com\/clubciclistaciudaddemalaga"]}]}},"_links":{"self":[{"href":"https:\/\/jos3migu3lcab3zu3lo.es\/EscuelaMTBMalaga\/wp-json\/wp\/v2\/pages\/56","targetHints":{"allow":["GET"]}}],"collection":[{"href":"https:\/\/jos3migu3lcab3zu3lo.es\/EscuelaMTBMalaga\/wp-json\/wp\/v2\/pages"}],"about":[{"href":"https:\/\/jos3migu3lcab3zu3lo.es\/EscuelaMTBMalaga\/wp-json\/wp\/v2\/types\/page"}],"author":[{"embeddable":true,"href":"https:\/\/jos3migu3lcab3zu3lo.es\/EscuelaMTBMalaga\/wp-json\/wp\/v2\/users\/1"}],"replies":[{"embeddable":true,"href":"https:\/\/jos3migu3lcab3zu3lo.es\/EscuelaMTBMalaga\/wp-json\/wp\/v2\/comments?post=56"}],"version-history":[{"count":4,"href":"https:\/\/jos3migu3lcab3zu3lo.es\/EscuelaMTBMalaga\/wp-json\/wp\/v2\/pages\/56\/revisions"}],"predecessor-version":[{"id":88,"href":"https:\/\/jos3migu3lcab3zu3lo.es\/EscuelaMTBMalaga\/wp-json\/wp\/v2\/pages\/56\/revisions\/88"}],"wp:attachment":[{"href":"https:\/\/jos3migu3lcab3zu3lo.es\/EscuelaMTBMalaga\/wp-json\/wp\/v2\/media?parent=56"}],"curies":[{"name":"wp","href":"https:\/\/api.w.org\/{rel}","templated":true}]}}