{"id":35,"date":"2024-09-09T11:00:38","date_gmt":"2024-09-09T09:00:38","guid":{"rendered":"https:\/\/jos3migu3lcab3zu3lo.es\/EscuelaMTBMalaga\/?page_id=35"},"modified":"2024-09-09T11:14:51","modified_gmt":"2024-09-09T09:14:51","slug":"guia-de-entrenamiento","status":"publish","type":"page","link":"https:\/\/jos3migu3lcab3zu3lo.es\/EscuelaMTBMalaga\/guia-de-entrenamiento\/","title":{"rendered":"Gu\u00eda de Entrenamiento"},"content":{"rendered":"\n<div class=\"wp-block-group alignfull has-global-padding is-layout-constrained wp-container-core-group-is-layout-490fa1db wp-block-group-is-layout-constrained\" style=\"padding-top:var(--wp--preset--spacing--50);padding-right:var(--wp--preset--spacing--50);padding-bottom:var(--wp--preset--spacing--50);padding-left:var(--wp--preset--spacing--50)\">\n<div class=\"wp-block-group has-global-padding is-layout-constrained wp-container-core-group-is-layout-075be19c wp-block-group-is-layout-constrained\">\n<h1 class=\"wp-block-heading has-text-align-center has-x-large-font-size\">Cu\u00e1l es el objetivo de esta gu\u00eda de entrenamiento<\/h1>\n\n\n\n<div style=\"height:1.25rem\" aria-hidden=\"true\" class=\"wp-block-spacer\"><\/div>\n\n\n\n<p class=\"has-text-align-center\">El objetivo es ayudarte a preparar una marcha en bicicleta de monta\u00f1a, marcha cicloturista o cualquier otro evento ciclista de unas 3h30\u2019 (entre 40km y 80km dependiendo del tipo de recorrido y modalidad).\u00a0El fin no es lograr el m\u00e1ximo rendimiento, sino mejorar tu estado de forma y conseguir que termines la marcha en buenas condiciones f\u00edsicas y de salud.<\/p>\n\n\n\n<div style=\"height:1.25rem\" aria-hidden=\"true\" class=\"wp-block-spacer\"><\/div>\n<\/div>\n\n\n\n<figure class=\"wp-block-image alignwide size-full is-style-rounded is-style-rounded--1\"><img loading=\"lazy\" decoding=\"async\" width=\"630\" height=\"555\" src=\"https:\/\/jos3migu3lcab3zu3lo.es\/EscuelaMTBMalaga\/wp-content\/uploads\/2024\/09\/img2-4.jpg\" alt=\"\" class=\"wp-image-45\" srcset=\"https:\/\/jos3migu3lcab3zu3lo.es\/EscuelaMTBMalaga\/wp-content\/uploads\/2024\/09\/img2-4.jpg 630w, https:\/\/jos3migu3lcab3zu3lo.es\/EscuelaMTBMalaga\/wp-content\/uploads\/2024\/09\/img2-4-300x264.jpg 300w\" sizes=\"auto, (max-width: 630px) 100vw, 630px\" \/><\/figure>\n\n\n\n<h2 class=\"wp-block-heading\">\u00bfPara qui\u00e9n est\u00e1 pensado este entrenamiento en ciclismo?<\/h2>\n\n\n\n<p>Para todas aquellas personas que llevan poco tiempo montando en bici o que tiene m\u00e1s experiencia pero consideran que tienen un nivel bajo. Incluso si nunca has montado en bicicleta, podr\u00eda servirte tras unas semanas previas de puesta a punto.<\/p>\n\n\n\n<h2 class=\"wp-block-heading\">\u00bfC\u00f3mo es el entrenamiento?<\/h2>\n\n\n\n<p>A trav\u00e9s de un plan de entrenamiento de 8 semanas, poco a poco alcanzar\u00e1s el estado de forma que te permitir\u00e1 montar en bicicleta durante m\u00e1s tiempo y con buenas sensaciones.<\/p>\n\n\n\n<p>Los entrenamientos est\u00e1n dise\u00f1ados bajo una premisa fundamental: que los puedas realizar sin importar si sales solo o acompa\u00f1ado, con el objetivo de que sigas disfrutando del ciclismo en compa\u00f1\u00eda de amigos y compa\u00f1eros.<\/p>\n\n\n\n<p>\u00bfEst\u00e1s preparado?<\/p>\n<\/div>\n\n\n\n<div class=\"wp-block-group alignfull has-base-2-background-color has-background has-global-padding is-layout-constrained wp-container-core-group-is-layout-669513ed wp-block-group-is-layout-constrained\" style=\"margin-top:0;margin-bottom:0;padding-top:var(--wp--preset--spacing--50);padding-right:var(--wp--preset--spacing--50);padding-bottom:var(--wp--preset--spacing--50);padding-left:var(--wp--preset--spacing--50)\">\n<div class=\"wp-block-group is-vertical is-content-justification-center is-layout-flex wp-container-core-group-is-layout-52b864f0 wp-block-group-is-layout-flex\">\n<h2 class=\"wp-block-heading has-text-align-center is-style-asterisk\">Entrenamiento 1<\/h2>\n\n\n\n<div style=\"height:0px\" aria-hidden=\"true\" class=\"wp-block-spacer wp-container-content-4f2ccadb\"><\/div>\n\n\n\n<p class=\"has-text-align-center\">Nuestro amplio conjunto de servicios profesionales atiende a una clientela diversa, desde propietarios de viviendas hasta promotores comerciales.<\/p>\n<\/div>\n\n\n\n<div style=\"margin-top:0;margin-bottom:0;height:var(--wp--preset--spacing--40)\" aria-hidden=\"true\" class=\"wp-block-spacer\"><\/div>\n\n\n\n<div class=\"wp-block-columns alignwide is-layout-flex wp-container-core-columns-is-layout-d0bbbce0 wp-block-columns-is-layout-flex\">\n<div class=\"wp-block-column is-layout-flow wp-container-core-column-is-layout-e3d1c41b wp-block-column-is-layout-flow\">\n<h3 class=\"wp-block-heading has-text-align-left is-style-asterisk has-body-font-family has-medium-font-size\" style=\"font-style:normal;font-weight:600\">Renovaci\u00f3n y restauraci\u00f3n<\/h3>\n\n\n\n<p class=\"has-text-align-left\">Experimenta la fusi\u00f3n de imaginaci\u00f3n y experiencia con Soluciones Arquitect\u00f3nicas \u00c9tudes.<\/p>\n<\/div>\n\n\n\n<div class=\"wp-block-column is-layout-flow wp-container-core-column-is-layout-e3d1c41b wp-block-column-is-layout-flow\">\n<h3 class=\"wp-block-heading has-text-align-left is-style-asterisk has-body-font-family has-medium-font-size\" style=\"font-style:normal;font-weight:600\">Soporte continuo<\/h3>\n\n\n\n<p class=\"has-text-align-left\">Experimenta la fusi\u00f3n de imaginaci\u00f3n y experiencia con Soluciones Arquitect\u00f3nicas \u00c9tudes.<\/p>\n<\/div>\n\n\n\n<div class=\"wp-block-column is-layout-flow wp-container-core-column-is-layout-e3d1c41b wp-block-column-is-layout-flow\">\n<h3 class=\"wp-block-heading has-text-align-left is-style-asterisk has-body-font-family has-medium-font-size\" style=\"font-style:normal;font-weight:600\">Acceso a la aplicaci\u00f3n<\/h3>\n\n\n\n<p class=\"has-text-align-left\">Experimenta la fusi\u00f3n de imaginaci\u00f3n y experiencia con Soluciones Arquitect\u00f3nicas \u00c9tudes.<\/p>\n<\/div>\n<\/div>\n\n\n\n<div style=\"height:var(--wp--preset--spacing--20)\" aria-hidden=\"true\" class=\"wp-block-spacer\"><\/div>\n\n\n\n<div class=\"wp-block-columns alignwide is-layout-flex wp-container-core-columns-is-layout-d0bbbce0 wp-block-columns-is-layout-flex\">\n<div class=\"wp-block-column is-layout-flow wp-container-core-column-is-layout-e3d1c41b wp-block-column-is-layout-flow\">\n<h3 class=\"wp-block-heading has-text-align-left is-style-asterisk has-body-font-family has-medium-font-size\" style=\"font-style:normal;font-weight:600\">Consultor\u00eda<\/h3>\n\n\n\n<p class=\"has-text-align-left\">Experimenta la fusi\u00f3n de imaginaci\u00f3n y experiencia con Soluciones Arquitect\u00f3nicas \u00c9tudes.<\/p>\n<\/div>\n\n\n\n<div class=\"wp-block-column is-layout-flow wp-container-core-column-is-layout-e3d1c41b wp-block-column-is-layout-flow\">\n<h3 class=\"wp-block-heading has-text-align-left is-style-asterisk has-body-font-family has-medium-font-size\" style=\"font-style:normal;font-weight:600\">Gesti\u00f3n de proyectos<\/h3>\n\n\n\n<p class=\"has-text-align-left\">Experimenta la fusi\u00f3n de imaginaci\u00f3n y experiencia con Soluciones Arquitect\u00f3nicas \u00c9tudes.<\/p>\n<\/div>\n\n\n\n<div class=\"wp-block-column is-layout-flow wp-container-core-column-is-layout-e3d1c41b wp-block-column-is-layout-flow\">\n<h3 class=\"wp-block-heading has-text-align-left is-style-asterisk has-body-font-family has-medium-font-size\" style=\"font-style:normal;font-weight:600\">Soluciones arquitect\u00f3nicas<\/h3>\n\n\n\n<p class=\"has-text-align-left\">Experimenta la fusi\u00f3n de imaginaci\u00f3n y experiencia con Soluciones Arquitect\u00f3nicas \u00c9tudes.<\/p>\n<\/div>\n<\/div>\n<\/div>\n\n\n\n<div class=\"wp-block-group alignfull has-global-padding is-layout-constrained wp-container-core-group-is-layout-d89aad35 wp-block-group-is-layout-constrained\" style=\"margin-top:0;margin-bottom:0;padding-top:var(--wp--preset--spacing--50);padding-right:var(--wp--preset--spacing--50);padding-bottom:var(--wp--preset--spacing--50);padding-left:var(--wp--preset--spacing--50)\">\n<div class=\"wp-block-group alignwide has-global-padding is-layout-constrained wp-container-core-group-is-layout-19e250f3 wp-block-group-is-layout-constrained\">\n<div class=\"wp-block-group is-vertical is-content-justification-center is-layout-flex wp-container-core-group-is-layout-6329a8f3 wp-block-group-is-layout-flex\">\n<h2 class=\"wp-block-heading has-text-align-center is-style-asterisk\">Entrenamiento 2<\/h2>\n\n\n\n<p class=\"has-text-align-center\">Nuestro amplio conjunto de servicios profesionales atiende a una clientela diversa, desde propietarios de viviendas hasta promotores comerciales.<\/p>\n<\/div>\n\n\n\n<div style=\"height:var(--wp--preset--spacing--40)\" aria-hidden=\"true\" class=\"wp-block-spacer\"><\/div>\n\n\n\n<div class=\"wp-block-columns alignwide is-layout-flex wp-container-core-columns-is-layout-d1c656ed wp-block-columns-is-layout-flex\">\n<div class=\"wp-block-column is-vertically-aligned-center is-layout-flow wp-block-column-is-layout-flow\" style=\"flex-basis:40%\">\n<h3 class=\"wp-block-heading is-style-asterisk\">Aplicaci\u00f3n \u00c9tudes Arquitecto<\/h3>\n\n\n\n<ul style=\"line-height:1.75\" class=\"wp-block-list is-style-checkmark-list\">\n<li>Colabora con otros arquitectos.<\/li>\n\n\n\n<li>Muestra tus proyectos.<\/li>\n\n\n\n<li>Experimenta el mundo de la arquitectura.<\/li>\n<\/ul>\n<\/div>\n\n\n\n<div class=\"wp-block-column is-layout-flow wp-block-column-is-layout-flow\" style=\"flex-basis:50%\">\n<figure class=\"wp-block-image size-full is-resized is-style-rounded is-style-rounded--2\"><img loading=\"lazy\" decoding=\"async\" width=\"503\" height=\"568\" src=\"https:\/\/jos3migu3lcab3zu3lo.es\/EscuelaMTBMalaga\/wp-content\/uploads\/2024\/09\/img1-2.jpg\" alt=\"\" class=\"wp-image-46\" style=\"width:606px;height:auto\" srcset=\"https:\/\/jos3migu3lcab3zu3lo.es\/EscuelaMTBMalaga\/wp-content\/uploads\/2024\/09\/img1-2.jpg 503w, https:\/\/jos3migu3lcab3zu3lo.es\/EscuelaMTBMalaga\/wp-content\/uploads\/2024\/09\/img1-2-266x300.jpg 266w\" sizes=\"auto, (max-width: 503px) 100vw, 503px\" \/><\/figure>\n<\/div>\n<\/div>\n\n\n\n<div style=\"height:var(--wp--preset--spacing--40)\" aria-hidden=\"true\" class=\"wp-block-spacer\"><\/div>\n\n\n\n<div class=\"wp-block-columns alignwide is-layout-flex wp-container-core-columns-is-layout-d1c656ed wp-block-columns-is-layout-flex\">\n<div class=\"wp-block-column is-layout-flow wp-block-column-is-layout-flow\" style=\"flex-basis:50%\">\n<figure class=\"wp-block-image size-full is-resized is-style-rounded is-style-rounded--3\"><img loading=\"lazy\" decoding=\"async\" width=\"503\" height=\"557\" src=\"https:\/\/jos3migu3lcab3zu3lo.es\/EscuelaMTBMalaga\/wp-content\/uploads\/2024\/09\/img3-1.jpg\" alt=\"\" class=\"wp-image-43\" style=\"width:608px;height:auto\" srcset=\"https:\/\/jos3migu3lcab3zu3lo.es\/EscuelaMTBMalaga\/wp-content\/uploads\/2024\/09\/img3-1.jpg 503w, https:\/\/jos3migu3lcab3zu3lo.es\/EscuelaMTBMalaga\/wp-content\/uploads\/2024\/09\/img3-1-271x300.jpg 271w\" sizes=\"auto, (max-width: 503px) 100vw, 503px\" \/><\/figure>\n<\/div>\n\n\n\n<div class=\"wp-block-column is-vertically-aligned-center is-layout-flow wp-block-column-is-layout-flow\" style=\"flex-basis:40%\">\n<h3 class=\"wp-block-heading is-style-asterisk\">Bolet\u00edn \u00c9tudes<\/h3>\n\n\n\n<ul style=\"line-height:1.75\" class=\"wp-block-list is-style-checkmark-list\">\n<li>Un mundo de art\u00edculos que invitan a la reflexi\u00f3n.<\/li>\n\n\n\n<li>Casos pr\u00e1cticos que celebran la arquitectura.<\/li>\n\n\n\n<li>Acceso exclusivo a ideas de dise\u00f1o.<\/li>\n<\/ul>\n<\/div>\n<\/div>\n<\/div>\n<\/div>\n\n\n\n<div class=\"wp-block-buttons is-layout-flex wp-block-buttons-is-layout-flex\">\n<div class=\"wp-block-button\"><a class=\"wp-block-button__link wp-element-button\">Descargar gu\u00eda<\/a><\/div>\n<\/div>\n\n\n\n<p><\/p>\n","protected":false},"excerpt":{"rendered":"<p>Cu\u00e1l es el objetivo de esta gu\u00eda de entrenamiento El objetivo es ayudarte a preparar una marcha en bicicleta de monta\u00f1a, marcha cicloturista o cualquier otro evento ciclista de unas 3h30\u2019 (entre 40km y 80km dependiendo del tipo de recorrido y modalidad).\u00a0El fin no es lograr el m\u00e1ximo rendimiento, sino mejorar tu estado de forma [&hellip;]<\/p>\n","protected":false},"author":1,"featured_media":0,"parent":0,"menu_order":0,"comment_status":"closed","ping_status":"closed","template":"","meta":{"footnotes":""},"class_list":["post-35","page","type-page","status-publish","hentry"],"yoast_head":"<!-- This site is optimized with the Yoast SEO plugin v23.4 - https:\/\/yoast.com\/wordpress\/plugins\/seo\/ -->\n<title>Gu\u00eda de Entrenamiento - Escuela Ciclista Ciudad de M\u00e1laga<\/title>\n<meta name=\"robots\" content=\"noindex, follow, max-snippet:-1, max-image-preview:large, max-video-preview:-1\" \/>\n<meta property=\"og:locale\" content=\"es_ES\" \/>\n<meta property=\"og:type\" content=\"article\" \/>\n<meta property=\"og:title\" content=\"Gu\u00eda de Entrenamiento - Escuela Ciclista Ciudad de M\u00e1laga\" \/>\n<meta property=\"og:description\" content=\"Cu\u00e1l es el objetivo de esta gu\u00eda de entrenamiento El objetivo es ayudarte a preparar una marcha en bicicleta de monta\u00f1a, marcha cicloturista o cualquier otro evento ciclista de unas 3h30\u2019 (entre 40km y 80km dependiendo del tipo de recorrido y modalidad).\u00a0El fin no es lograr el m\u00e1ximo rendimiento, sino mejorar tu estado de forma [&hellip;]\" \/>\n<meta property=\"og:url\" content=\"https:\/\/jos3migu3lcab3zu3lo.es\/EscuelaMTBMalaga\/guia-de-entrenamiento\/\" \/>\n<meta property=\"og:site_name\" content=\"Escuela Ciclista Ciudad de M\u00e1laga\" \/>\n<meta property=\"article:publisher\" content=\"https:\/\/www.facebook.com\/clubciclistaciudaddemalaga\" \/>\n<meta property=\"article:modified_time\" content=\"2024-09-09T09:14:51+00:00\" \/>\n<meta property=\"og:image\" content=\"https:\/\/jos3migu3lcab3zu3lo.es\/EscuelaMTBMalaga\/wp-content\/uploads\/2024\/09\/img2-4.jpg\" \/>\n<meta name=\"twitter:card\" content=\"summary_large_image\" \/>\n<meta name=\"twitter:label1\" content=\"Tiempo de lectura\" \/>\n\t<meta name=\"twitter:data1\" content=\"2 minutos\" \/>\n<script type=\"application\/ld+json\" class=\"yoast-schema-graph\">{\"@context\":\"https:\/\/schema.org\",\"@graph\":[{\"@type\":\"WebPage\",\"@id\":\"https:\/\/jos3migu3lcab3zu3lo.es\/EscuelaMTBMalaga\/guia-de-entrenamiento\/\",\"url\":\"https:\/\/jos3migu3lcab3zu3lo.es\/EscuelaMTBMalaga\/guia-de-entrenamiento\/\",\"name\":\"Gu\u00eda de Entrenamiento - Escuela Ciclista Ciudad de M\u00e1laga\",\"isPartOf\":{\"@id\":\"https:\/\/jos3migu3lcab3zu3lo.es\/EscuelaMTBMalaga\/#website\"},\"primaryImageOfPage\":{\"@id\":\"https:\/\/jos3migu3lcab3zu3lo.es\/EscuelaMTBMalaga\/guia-de-entrenamiento\/#primaryimage\"},\"image\":{\"@id\":\"https:\/\/jos3migu3lcab3zu3lo.es\/EscuelaMTBMalaga\/guia-de-entrenamiento\/#primaryimage\"},\"thumbnailUrl\":\"https:\/\/jos3migu3lcab3zu3lo.es\/EscuelaMTBMalaga\/wp-content\/uploads\/2024\/09\/img2-4.jpg\",\"datePublished\":\"2024-09-09T09:00:38+00:00\",\"dateModified\":\"2024-09-09T09:14:51+00:00\",\"breadcrumb\":{\"@id\":\"https:\/\/jos3migu3lcab3zu3lo.es\/EscuelaMTBMalaga\/guia-de-entrenamiento\/#breadcrumb\"},\"inLanguage\":\"es\",\"potentialAction\":[{\"@type\":\"ReadAction\",\"target\":[\"https:\/\/jos3migu3lcab3zu3lo.es\/EscuelaMTBMalaga\/guia-de-entrenamiento\/\"]}]},{\"@type\":\"ImageObject\",\"inLanguage\":\"es\",\"@id\":\"https:\/\/jos3migu3lcab3zu3lo.es\/EscuelaMTBMalaga\/guia-de-entrenamiento\/#primaryimage\",\"url\":\"https:\/\/jos3migu3lcab3zu3lo.es\/EscuelaMTBMalaga\/wp-content\/uploads\/2024\/09\/img2-4.jpg\",\"contentUrl\":\"https:\/\/jos3migu3lcab3zu3lo.es\/EscuelaMTBMalaga\/wp-content\/uploads\/2024\/09\/img2-4.jpg\",\"width\":630,\"height\":555},{\"@type\":\"BreadcrumbList\",\"@id\":\"https:\/\/jos3migu3lcab3zu3lo.es\/EscuelaMTBMalaga\/guia-de-entrenamiento\/#breadcrumb\",\"itemListElement\":[{\"@type\":\"ListItem\",\"position\":1,\"name\":\"Portada\",\"item\":\"https:\/\/jos3migu3lcab3zu3lo.es\/EscuelaMTBMalaga\/\"},{\"@type\":\"ListItem\",\"position\":2,\"name\":\"Gu\u00eda de Entrenamiento\"}]},{\"@type\":\"WebSite\",\"@id\":\"https:\/\/jos3migu3lcab3zu3lo.es\/EscuelaMTBMalaga\/#website\",\"url\":\"https:\/\/jos3migu3lcab3zu3lo.es\/EscuelaMTBMalaga\/\",\"name\":\"Club Ciclista Ciudad de M\u00e1laga\",\"description\":\"Somos un club ciclista en el que realizamos salidas cicloturistas todos los fines de semana, as\u00ed como impartimos clases durante la semana.\",\"publisher\":{\"@id\":\"https:\/\/jos3migu3lcab3zu3lo.es\/EscuelaMTBMalaga\/#organization\"},\"potentialAction\":[{\"@type\":\"SearchAction\",\"target\":{\"@type\":\"EntryPoint\",\"urlTemplate\":\"https:\/\/jos3migu3lcab3zu3lo.es\/EscuelaMTBMalaga\/?s={search_term_string}\"},\"query-input\":{\"@type\":\"PropertyValueSpecification\",\"valueRequired\":true,\"valueName\":\"search_term_string\"}}],\"inLanguage\":\"es\"},{\"@type\":\"Organization\",\"@id\":\"https:\/\/jos3migu3lcab3zu3lo.es\/EscuelaMTBMalaga\/#organization\",\"name\":\"Club Ciclista Ciudad de M\u00e1laga\",\"url\":\"https:\/\/jos3migu3lcab3zu3lo.es\/EscuelaMTBMalaga\/\",\"logo\":{\"@type\":\"ImageObject\",\"inLanguage\":\"es\",\"@id\":\"https:\/\/jos3migu3lcab3zu3lo.es\/EscuelaMTBMalaga\/#\/schema\/logo\/image\/\",\"url\":\"https:\/\/jos3migu3lcab3zu3lo.es\/EscuelaMTBMalaga\/wp-content\/uploads\/2024\/09\/Escuela2_chico.png\",\"contentUrl\":\"https:\/\/jos3migu3lcab3zu3lo.es\/EscuelaMTBMalaga\/wp-content\/uploads\/2024\/09\/Escuela2_chico.png\",\"width\":189,\"height\":75,\"caption\":\"Club Ciclista Ciudad de M\u00e1laga\"},\"image\":{\"@id\":\"https:\/\/jos3migu3lcab3zu3lo.es\/EscuelaMTBMalaga\/#\/schema\/logo\/image\/\"},\"sameAs\":[\"https:\/\/www.facebook.com\/clubciclistaciudaddemalaga\"]}]}<\/script>\n<!-- \/ Yoast SEO plugin. -->","yoast_head_json":{"title":"Gu\u00eda de Entrenamiento - Escuela Ciclista Ciudad de M\u00e1laga","robots":{"index":"noindex","follow":"follow","max-snippet":"max-snippet:-1","max-image-preview":"max-image-preview:large","max-video-preview":"max-video-preview:-1"},"og_locale":"es_ES","og_type":"article","og_title":"Gu\u00eda de Entrenamiento - Escuela Ciclista Ciudad de M\u00e1laga","og_description":"Cu\u00e1l es el objetivo de esta gu\u00eda de entrenamiento El objetivo es ayudarte a preparar una marcha en bicicleta de monta\u00f1a, marcha cicloturista o cualquier otro evento ciclista de unas 3h30\u2019 (entre 40km y 80km dependiendo del tipo de recorrido y modalidad).\u00a0El fin no es lograr el m\u00e1ximo rendimiento, sino mejorar tu estado de forma [&hellip;]","og_url":"https:\/\/jos3migu3lcab3zu3lo.es\/EscuelaMTBMalaga\/guia-de-entrenamiento\/","og_site_name":"Escuela Ciclista Ciudad de M\u00e1laga","article_publisher":"https:\/\/www.facebook.com\/clubciclistaciudaddemalaga","article_modified_time":"2024-09-09T09:14:51+00:00","og_image":[{"url":"https:\/\/jos3migu3lcab3zu3lo.es\/EscuelaMTBMalaga\/wp-content\/uploads\/2024\/09\/img2-4.jpg"}],"twitter_card":"summary_large_image","twitter_misc":{"Tiempo de lectura":"2 minutos"},"schema":{"@context":"https:\/\/schema.org","@graph":[{"@type":"WebPage","@id":"https:\/\/jos3migu3lcab3zu3lo.es\/EscuelaMTBMalaga\/guia-de-entrenamiento\/","url":"https:\/\/jos3migu3lcab3zu3lo.es\/EscuelaMTBMalaga\/guia-de-entrenamiento\/","name":"Gu\u00eda de Entrenamiento - Escuela Ciclista Ciudad de M\u00e1laga","isPartOf":{"@id":"https:\/\/jos3migu3lcab3zu3lo.es\/EscuelaMTBMalaga\/#website"},"primaryImageOfPage":{"@id":"https:\/\/jos3migu3lcab3zu3lo.es\/EscuelaMTBMalaga\/guia-de-entrenamiento\/#primaryimage"},"image":{"@id":"https:\/\/jos3migu3lcab3zu3lo.es\/EscuelaMTBMalaga\/guia-de-entrenamiento\/#primaryimage"},"thumbnailUrl":"https:\/\/jos3migu3lcab3zu3lo.es\/EscuelaMTBMalaga\/wp-content\/uploads\/2024\/09\/img2-4.jpg","datePublished":"2024-09-09T09:00:38+00:00","dateModified":"2024-09-09T09:14:51+00:00","breadcrumb":{"@id":"https:\/\/jos3migu3lcab3zu3lo.es\/EscuelaMTBMalaga\/guia-de-entrenamiento\/#breadcrumb"},"inLanguage":"es","potentialAction":[{"@type":"ReadAction","target":["https:\/\/jos3migu3lcab3zu3lo.es\/EscuelaMTBMalaga\/guia-de-entrenamiento\/"]}]},{"@type":"ImageObject","inLanguage":"es","@id":"https:\/\/jos3migu3lcab3zu3lo.es\/EscuelaMTBMalaga\/guia-de-entrenamiento\/#primaryimage","url":"https:\/\/jos3migu3lcab3zu3lo.es\/EscuelaMTBMalaga\/wp-content\/uploads\/2024\/09\/img2-4.jpg","contentUrl":"https:\/\/jos3migu3lcab3zu3lo.es\/EscuelaMTBMalaga\/wp-content\/uploads\/2024\/09\/img2-4.jpg","width":630,"height":555},{"@type":"BreadcrumbList","@id":"https:\/\/jos3migu3lcab3zu3lo.es\/EscuelaMTBMalaga\/guia-de-entrenamiento\/#breadcrumb","itemListElement":[{"@type":"ListItem","position":1,"name":"Portada","item":"https:\/\/jos3migu3lcab3zu3lo.es\/EscuelaMTBMalaga\/"},{"@type":"ListItem","position":2,"name":"Gu\u00eda de Entrenamiento"}]},{"@type":"WebSite","@id":"https:\/\/jos3migu3lcab3zu3lo.es\/EscuelaMTBMalaga\/#website","url":"https:\/\/jos3migu3lcab3zu3lo.es\/EscuelaMTBMalaga\/","name":"Club Ciclista Ciudad de M\u00e1laga","description":"Somos un club ciclista en el que realizamos salidas cicloturistas todos los fines de semana, as\u00ed como impartimos clases durante la semana.","publisher":{"@id":"https:\/\/jos3migu3lcab3zu3lo.es\/EscuelaMTBMalaga\/#organization"},"potentialAction":[{"@type":"SearchAction","target":{"@type":"EntryPoint","urlTemplate":"https:\/\/jos3migu3lcab3zu3lo.es\/EscuelaMTBMalaga\/?s={search_term_string}"},"query-input":{"@type":"PropertyValueSpecification","valueRequired":true,"valueName":"search_term_string"}}],"inLanguage":"es"},{"@type":"Organization","@id":"https:\/\/jos3migu3lcab3zu3lo.es\/EscuelaMTBMalaga\/#organization","name":"Club Ciclista Ciudad de M\u00e1laga","url":"https:\/\/jos3migu3lcab3zu3lo.es\/EscuelaMTBMalaga\/","logo":{"@type":"ImageObject","inLanguage":"es","@id":"https:\/\/jos3migu3lcab3zu3lo.es\/EscuelaMTBMalaga\/#\/schema\/logo\/image\/","url":"https:\/\/jos3migu3lcab3zu3lo.es\/EscuelaMTBMalaga\/wp-content\/uploads\/2024\/09\/Escuela2_chico.png","contentUrl":"https:\/\/jos3migu3lcab3zu3lo.es\/EscuelaMTBMalaga\/wp-content\/uploads\/2024\/09\/Escuela2_chico.png","width":189,"height":75,"caption":"Club Ciclista Ciudad de M\u00e1laga"},"image":{"@id":"https:\/\/jos3migu3lcab3zu3lo.es\/EscuelaMTBMalaga\/#\/schema\/logo\/image\/"},"sameAs":["https:\/\/www.facebook.com\/clubciclistaciudaddemalaga"]}]}},"_links":{"self":[{"href":"https:\/\/jos3migu3lcab3zu3lo.es\/EscuelaMTBMalaga\/wp-json\/wp\/v2\/pages\/35","targetHints":{"allow":["GET"]}}],"collection":[{"href":"https:\/\/jos3migu3lcab3zu3lo.es\/EscuelaMTBMalaga\/wp-json\/wp\/v2\/pages"}],"about":[{"href":"https:\/\/jos3migu3lcab3zu3lo.es\/EscuelaMTBMalaga\/wp-json\/wp\/v2\/types\/page"}],"author":[{"embeddable":true,"href":"https:\/\/jos3migu3lcab3zu3lo.es\/EscuelaMTBMalaga\/wp-json\/wp\/v2\/users\/1"}],"replies":[{"embeddable":true,"href":"https:\/\/jos3migu3lcab3zu3lo.es\/EscuelaMTBMalaga\/wp-json\/wp\/v2\/comments?post=35"}],"version-history":[{"count":3,"href":"https:\/\/jos3migu3lcab3zu3lo.es\/EscuelaMTBMalaga\/wp-json\/wp\/v2\/pages\/35\/revisions"}],"predecessor-version":[{"id":47,"href":"https:\/\/jos3migu3lcab3zu3lo.es\/EscuelaMTBMalaga\/wp-json\/wp\/v2\/pages\/35\/revisions\/47"}],"wp:attachment":[{"href":"https:\/\/jos3migu3lcab3zu3lo.es\/EscuelaMTBMalaga\/wp-json\/wp\/v2\/media?parent=35"}],"curies":[{"name":"wp","href":"https:\/\/api.w.org\/{rel}","templated":true}]}}