{"id":140,"date":"2024-09-09T16:45:07","date_gmt":"2024-09-09T14:45:07","guid":{"rendered":"https:\/\/jos3migu3lcab3zu3lo.es\/EscuelaMTBMalaga\/?page_id=140"},"modified":"2024-09-09T16:47:37","modified_gmt":"2024-09-09T14:47:37","slug":"terminos-y-condiciones-de-uso","status":"publish","type":"page","link":"https:\/\/jos3migu3lcab3zu3lo.es\/EscuelaMTBMalaga\/terminos-y-condiciones-de-uso\/","title":{"rendered":"T\u00e9rminos y condiciones de uso"},"content":{"rendered":"\n<div class=\"wp-block-group alignfull has-base-background-color has-background has-global-padding is-layout-constrained wp-container-core-group-is-layout-d89aad35 wp-block-group-is-layout-constrained\" style=\"margin-top:0;margin-bottom:0;padding-top:var(--wp--preset--spacing--50);padding-right:var(--wp--preset--spacing--50);padding-bottom:var(--wp--preset--spacing--50);padding-left:var(--wp--preset--spacing--50)\">\n<div class=\"wp-block-columns alignwide is-layout-flex wp-container-core-columns-is-layout-549b0c86 wp-block-columns-is-layout-flex\">\n<div class=\"wp-block-column is-layout-flow wp-container-core-column-is-layout-119bc444 wp-block-column-is-layout-flow\" style=\"flex-basis:60%\">\n<div class=\"wp-block-columns is-layout-flex wp-container-core-columns-is-layout-87beb0d0 wp-block-columns-is-layout-flex\">\n<div class=\"wp-block-column is-layout-flow wp-block-column-is-layout-flow\">\n<p><strong>INFORMACI\u00d3N RELEVANTE<\/strong><\/p>\n\n\n\n<p>Es requisito necesario para la adquisici\u00f3n de los productos que se ofrecen en este sitio, que lea y acepte los siguientes T\u00e9rminos y Condiciones que a continuaci\u00f3n se redactan. El uso de nuestros servicios as\u00ed como la compra de nuestros productos implicar\u00e1 que usted ha le\u00eddo y aceptado los T\u00e9rminos y Condiciones de Uso en el presente documento. Todas los productos &nbsp;que son ofrecidos por nuestro sitio web pudieran ser creadas, cobradas, enviadas o presentadas por una p\u00e1gina web tercera y en tal caso estar\u00edan sujetas a sus propios T\u00e9rminos y Condiciones. En algunos casos, para adquirir un producto, ser\u00e1 necesario el registro por parte del usuario, con ingreso de datos personales fidedignos y definici\u00f3n de una contrase\u00f1a.<\/p>\n\n\n\n<p>El usuario puede elegir y cambiar la clave para su acceso de administraci\u00f3n de la cuenta en cualquier momento, en caso de que se haya registrado y que sea necesario para la compra de alguno de nuestros productos. https:\/\/jos3migu3lcab3zu3lo.es\/EscuelaMTBMalaga no asume la responsabilidad en caso de que entregue dicha clave a terceros.<\/p>\n\n\n\n<p>Todas las compras y transacciones que se lleven a cabo por medio de este sitio web, est\u00e1n sujetas a un proceso de confirmaci\u00f3n y verificaci\u00f3n, el cual podr\u00eda incluir la verificaci\u00f3n del stock y disponibilidad de producto, validaci\u00f3n de la forma de pago, validaci\u00f3n de la factura (en caso de existir) y el cumplimiento de las condiciones requeridas por el medio de pago seleccionado. En algunos casos puede que se requiera una verificaci\u00f3n por medio de correo electr\u00f3nico.<\/p>\n\n\n\n<p>Los precios de los productos ofrecidos en esta Tienda Online es v\u00e1lido solamente en las compras realizadas en este sitio web.<\/p>\n\n\n\n<p><strong>LICENCIA<\/strong><\/p>\n\n\n\n<p>EscuelaMTBMalag&nbsp; a trav\u00e9s de su sitio web concede una licencia para que los usuarios utilicen&nbsp; los productos que son vendidos en este sitio web de acuerdo a los T\u00e9rminos y Condiciones que se describen en este documento.<\/p>\n\n\n\n<p><strong>USO NO AUTORIZADO<\/strong><\/p>\n\n\n\n<p>En caso de que aplique (para venta de software, templetes, u otro producto de dise\u00f1o y programaci\u00f3n) usted no puede colocar uno de nuestros productos, modificado o sin modificar, en un CD, sitio web o ning\u00fan otro medio y ofrecerlos para la redistribuci\u00f3n o la reventa de ning\u00fan tipo.<\/p>\n\n\n\n<p><strong>PROPIEDAD<\/strong><\/p>\n\n\n\n<p>Usted no puede declarar propiedad intelectual o exclusiva a ninguno de nuestros productos, modificado o sin modificar. Todos los productos son propiedad &nbsp;de los proveedores del contenido. En caso de que no se especifique lo contrario, nuestros productos se proporcionan&nbsp; sin ning\u00fan tipo de garant\u00eda, expresa o impl\u00edcita. En ning\u00fan esta compa\u00f1\u00eda ser\u00e1 &nbsp;responsables de ning\u00fan da\u00f1o incluyendo, pero no limitado a, da\u00f1os directos, indirectos, especiales, fortuitos o consecuentes u otras p\u00e9rdidas resultantes del uso o de la imposibilidad de utilizar nuestros productos.<\/p>\n\n\n\n<p><strong>POL\u00cdTICA DE REEMBOLSO Y GARANT\u00cdA<\/strong><\/p>\n\n\n\n<p>En el caso de productos que sean&nbsp; mercanc\u00edas irrevocables no-tangibles, no realizamos reembolsos despu\u00e9s de que se env\u00ede el producto, usted tiene la responsabilidad de entender antes de comprarlo. &nbsp;Le pedimos que lea cuidadosamente antes de comprarlo. Hacemos solamente excepciones con esta regla cuando la descripci\u00f3n no se ajusta al producto. Hay algunos productos que pudieran tener garant\u00eda y posibilidad de reembolso pero este ser\u00e1 especificado al comprar el producto. En tales casos la garant\u00eda solo cubrir\u00e1 fallas de f\u00e1brica y s\u00f3lo se har\u00e1 efectiva cuando el producto se haya usado correctamente. La garant\u00eda no cubre aver\u00edas o da\u00f1os ocasionados por uso indebido. Los t\u00e9rminos de la garant\u00eda est\u00e1n asociados a fallas de fabricaci\u00f3n y funcionamiento en condiciones normales de los productos y s\u00f3lo se har\u00e1n efectivos estos t\u00e9rminos si el equipo ha sido usado correctamente. Esto incluye:<\/p>\n\n\n\n<p>\u2013 De acuerdo a las especificaciones t\u00e9cnicas indicadas para cada producto.<br>\u2013 En condiciones ambientales acorde con las especificaciones indicadas por el fabricante.<br>\u2013 En uso espec\u00edfico para la funci\u00f3n con que fue dise\u00f1ado de f\u00e1brica.<br>\u2013 En condiciones de operaci\u00f3n el\u00e9ctricas acorde con las especificaciones y tolerancias indicadas.<\/p>\n\n\n\n<p><strong>COMPROBACI\u00d3N ANTIFRAUDE<\/strong><\/p>\n\n\n\n<p>La compra del cliente puede ser aplazada para la comprobaci\u00f3n antifraude. Tambi\u00e9n puede ser suspendida por m\u00e1s tiempo para una investigaci\u00f3n m\u00e1s rigurosa, para evitar transacciones fraudulentas.<\/p>\n\n\n\n<p><strong>PRIVACIDAD<\/strong><\/p>\n\n\n\n<p>Este https:\/\/jos3migu3lcab3zu3lo.es\/EscuelaMTBMalaga garantiza que la\u00a0informaci\u00f3n personal que usted env\u00eda cuenta con la seguridad necesaria. Los datos ingresados por usuario o en el caso de requerir una validaci\u00f3n de los pedidos no ser\u00e1n entregados a terceros, salvo que deba ser revelada en cumplimiento a una orden judicial o requerimientos legales.<\/p>\n\n\n\n<p>La suscripci\u00f3n a boletines de correos electr\u00f3nicos publicitarios es voluntaria y podr\u00eda ser seleccionada al momento de crear su cuenta.<\/p>\n\n\n\n<p>EscuelaMTBMalaga reserva los derechos de cambiar o de modificar estos t\u00e9rminos sin previo aviso.<\/p>\n\n\n\n<p class=\"wp-container-content-9cfa9a5a\"><\/p>\n<\/div>\n<\/div>\n<\/div>\n<\/div>\n<\/div>\n\n\n\n<div class=\"wp-block-cover alignfull is-light has-parallax\" style=\"padding-top:var(--wp--preset--spacing--50);padding-right:var(--wp--preset--spacing--50);padding-bottom:var(--wp--preset--spacing--50);padding-left:var(--wp--preset--spacing--50);min-height:100vh;aspect-ratio:unset;\"><span aria-hidden=\"true\" class=\"wp-block-cover__background has-base-background-color has-background-dim-0 has-background-dim\"><\/span><div class=\"wp-block-cover__image-background has-parallax\" style=\"background-position:50% 50%;background-image:url(https:\/\/jos3migu3lcab3zu3lo.es\/EscuelaMTBMalaga\/wp-content\/themes\/twentytwentyfour\/assets\/images\/art-gallery.webp)\"><\/div><div class=\"wp-block-cover__inner-container has-global-padding is-layout-constrained wp-container-core-cover-is-layout-e4fd886c wp-block-cover-is-layout-constrained\">\n<div style=\"height:500px\" aria-hidden=\"true\" class=\"wp-block-spacer\"><\/div>\n<\/div><\/div>\n","protected":false},"excerpt":{"rendered":"<p>INFORMACI\u00d3N RELEVANTE Es requisito necesario para la adquisici\u00f3n de los productos que se ofrecen en este sitio, que lea y acepte los siguientes T\u00e9rminos y Condiciones que a continuaci\u00f3n se redactan. El uso de nuestros servicios as\u00ed como la compra de nuestros productos implicar\u00e1 que usted ha le\u00eddo y aceptado los T\u00e9rminos y Condiciones de [&hellip;]<\/p>\n","protected":false},"author":1,"featured_media":0,"parent":0,"menu_order":0,"comment_status":"closed","ping_status":"closed","template":"","meta":{"footnotes":""},"class_list":["post-140","page","type-page","status-publish","hentry"],"yoast_head":"<!-- This site is optimized with the Yoast SEO plugin v23.4 - https:\/\/yoast.com\/wordpress\/plugins\/seo\/ -->\n<title>T\u00e9rminos y condiciones de uso - Escuela Ciclista Ciudad de M\u00e1laga<\/title>\n<meta name=\"robots\" content=\"noindex, follow, max-snippet:-1, max-image-preview:large, max-video-preview:-1\" \/>\n<meta property=\"og:locale\" content=\"es_ES\" \/>\n<meta property=\"og:type\" content=\"article\" \/>\n<meta property=\"og:title\" content=\"T\u00e9rminos y condiciones de uso - Escuela Ciclista Ciudad de M\u00e1laga\" \/>\n<meta property=\"og:description\" content=\"INFORMACI\u00d3N RELEVANTE Es requisito necesario para la adquisici\u00f3n de los productos que se ofrecen en este sitio, que lea y acepte los siguientes T\u00e9rminos y Condiciones que a continuaci\u00f3n se redactan. El uso de nuestros servicios as\u00ed como la compra de nuestros productos implicar\u00e1 que usted ha le\u00eddo y aceptado los T\u00e9rminos y Condiciones de [&hellip;]\" \/>\n<meta property=\"og:url\" content=\"https:\/\/jos3migu3lcab3zu3lo.es\/EscuelaMTBMalaga\/terminos-y-condiciones-de-uso\/\" \/>\n<meta property=\"og:site_name\" content=\"Escuela Ciclista Ciudad de M\u00e1laga\" \/>\n<meta property=\"article:publisher\" content=\"https:\/\/www.facebook.com\/clubciclistaciudaddemalaga\" \/>\n<meta property=\"article:modified_time\" content=\"2024-09-09T14:47:37+00:00\" \/>\n<meta name=\"twitter:card\" content=\"summary_large_image\" \/>\n<meta name=\"twitter:label1\" content=\"Tiempo de lectura\" \/>\n\t<meta name=\"twitter:data1\" content=\"4 minutos\" \/>\n<script type=\"application\/ld+json\" class=\"yoast-schema-graph\">{\"@context\":\"https:\/\/schema.org\",\"@graph\":[{\"@type\":\"WebPage\",\"@id\":\"https:\/\/jos3migu3lcab3zu3lo.es\/EscuelaMTBMalaga\/terminos-y-condiciones-de-uso\/\",\"url\":\"https:\/\/jos3migu3lcab3zu3lo.es\/EscuelaMTBMalaga\/terminos-y-condiciones-de-uso\/\",\"name\":\"T\u00e9rminos y condiciones de uso - Escuela Ciclista Ciudad de M\u00e1laga\",\"isPartOf\":{\"@id\":\"https:\/\/jos3migu3lcab3zu3lo.es\/EscuelaMTBMalaga\/#website\"},\"datePublished\":\"2024-09-09T14:45:07+00:00\",\"dateModified\":\"2024-09-09T14:47:37+00:00\",\"breadcrumb\":{\"@id\":\"https:\/\/jos3migu3lcab3zu3lo.es\/EscuelaMTBMalaga\/terminos-y-condiciones-de-uso\/#breadcrumb\"},\"inLanguage\":\"es\",\"potentialAction\":[{\"@type\":\"ReadAction\",\"target\":[\"https:\/\/jos3migu3lcab3zu3lo.es\/EscuelaMTBMalaga\/terminos-y-condiciones-de-uso\/\"]}]},{\"@type\":\"BreadcrumbList\",\"@id\":\"https:\/\/jos3migu3lcab3zu3lo.es\/EscuelaMTBMalaga\/terminos-y-condiciones-de-uso\/#breadcrumb\",\"itemListElement\":[{\"@type\":\"ListItem\",\"position\":1,\"name\":\"Portada\",\"item\":\"https:\/\/jos3migu3lcab3zu3lo.es\/EscuelaMTBMalaga\/\"},{\"@type\":\"ListItem\",\"position\":2,\"name\":\"T\u00e9rminos y condiciones de uso\"}]},{\"@type\":\"WebSite\",\"@id\":\"https:\/\/jos3migu3lcab3zu3lo.es\/EscuelaMTBMalaga\/#website\",\"url\":\"https:\/\/jos3migu3lcab3zu3lo.es\/EscuelaMTBMalaga\/\",\"name\":\"Club Ciclista Ciudad de M\u00e1laga\",\"description\":\"Somos un club ciclista en el que realizamos salidas cicloturistas todos los fines de semana, as\u00ed como impartimos clases durante la semana.\",\"publisher\":{\"@id\":\"https:\/\/jos3migu3lcab3zu3lo.es\/EscuelaMTBMalaga\/#organization\"},\"potentialAction\":[{\"@type\":\"SearchAction\",\"target\":{\"@type\":\"EntryPoint\",\"urlTemplate\":\"https:\/\/jos3migu3lcab3zu3lo.es\/EscuelaMTBMalaga\/?s={search_term_string}\"},\"query-input\":{\"@type\":\"PropertyValueSpecification\",\"valueRequired\":true,\"valueName\":\"search_term_string\"}}],\"inLanguage\":\"es\"},{\"@type\":\"Organization\",\"@id\":\"https:\/\/jos3migu3lcab3zu3lo.es\/EscuelaMTBMalaga\/#organization\",\"name\":\"Club Ciclista Ciudad de M\u00e1laga\",\"url\":\"https:\/\/jos3migu3lcab3zu3lo.es\/EscuelaMTBMalaga\/\",\"logo\":{\"@type\":\"ImageObject\",\"inLanguage\":\"es\",\"@id\":\"https:\/\/jos3migu3lcab3zu3lo.es\/EscuelaMTBMalaga\/#\/schema\/logo\/image\/\",\"url\":\"https:\/\/jos3migu3lcab3zu3lo.es\/EscuelaMTBMalaga\/wp-content\/uploads\/2024\/09\/Escuela2_chico.png\",\"contentUrl\":\"https:\/\/jos3migu3lcab3zu3lo.es\/EscuelaMTBMalaga\/wp-content\/uploads\/2024\/09\/Escuela2_chico.png\",\"width\":189,\"height\":75,\"caption\":\"Club Ciclista Ciudad de M\u00e1laga\"},\"image\":{\"@id\":\"https:\/\/jos3migu3lcab3zu3lo.es\/EscuelaMTBMalaga\/#\/schema\/logo\/image\/\"},\"sameAs\":[\"https:\/\/www.facebook.com\/clubciclistaciudaddemalaga\"]}]}<\/script>\n<!-- \/ Yoast SEO plugin. -->","yoast_head_json":{"title":"T\u00e9rminos y condiciones de uso - Escuela Ciclista Ciudad de M\u00e1laga","robots":{"index":"noindex","follow":"follow","max-snippet":"max-snippet:-1","max-image-preview":"max-image-preview:large","max-video-preview":"max-video-preview:-1"},"og_locale":"es_ES","og_type":"article","og_title":"T\u00e9rminos y condiciones de uso - Escuela Ciclista Ciudad de M\u00e1laga","og_description":"INFORMACI\u00d3N RELEVANTE Es requisito necesario para la adquisici\u00f3n de los productos que se ofrecen en este sitio, que lea y acepte los siguientes T\u00e9rminos y Condiciones que a continuaci\u00f3n se redactan. El uso de nuestros servicios as\u00ed como la compra de nuestros productos implicar\u00e1 que usted ha le\u00eddo y aceptado los T\u00e9rminos y Condiciones de [&hellip;]","og_url":"https:\/\/jos3migu3lcab3zu3lo.es\/EscuelaMTBMalaga\/terminos-y-condiciones-de-uso\/","og_site_name":"Escuela Ciclista Ciudad de M\u00e1laga","article_publisher":"https:\/\/www.facebook.com\/clubciclistaciudaddemalaga","article_modified_time":"2024-09-09T14:47:37+00:00","twitter_card":"summary_large_image","twitter_misc":{"Tiempo de lectura":"4 minutos"},"schema":{"@context":"https:\/\/schema.org","@graph":[{"@type":"WebPage","@id":"https:\/\/jos3migu3lcab3zu3lo.es\/EscuelaMTBMalaga\/terminos-y-condiciones-de-uso\/","url":"https:\/\/jos3migu3lcab3zu3lo.es\/EscuelaMTBMalaga\/terminos-y-condiciones-de-uso\/","name":"T\u00e9rminos y condiciones de uso - Escuela Ciclista Ciudad de M\u00e1laga","isPartOf":{"@id":"https:\/\/jos3migu3lcab3zu3lo.es\/EscuelaMTBMalaga\/#website"},"datePublished":"2024-09-09T14:45:07+00:00","dateModified":"2024-09-09T14:47:37+00:00","breadcrumb":{"@id":"https:\/\/jos3migu3lcab3zu3lo.es\/EscuelaMTBMalaga\/terminos-y-condiciones-de-uso\/#breadcrumb"},"inLanguage":"es","potentialAction":[{"@type":"ReadAction","target":["https:\/\/jos3migu3lcab3zu3lo.es\/EscuelaMTBMalaga\/terminos-y-condiciones-de-uso\/"]}]},{"@type":"BreadcrumbList","@id":"https:\/\/jos3migu3lcab3zu3lo.es\/EscuelaMTBMalaga\/terminos-y-condiciones-de-uso\/#breadcrumb","itemListElement":[{"@type":"ListItem","position":1,"name":"Portada","item":"https:\/\/jos3migu3lcab3zu3lo.es\/EscuelaMTBMalaga\/"},{"@type":"ListItem","position":2,"name":"T\u00e9rminos y condiciones de uso"}]},{"@type":"WebSite","@id":"https:\/\/jos3migu3lcab3zu3lo.es\/EscuelaMTBMalaga\/#website","url":"https:\/\/jos3migu3lcab3zu3lo.es\/EscuelaMTBMalaga\/","name":"Club Ciclista Ciudad de M\u00e1laga","description":"Somos un club ciclista en el que realizamos salidas cicloturistas todos los fines de semana, as\u00ed como impartimos clases durante la semana.","publisher":{"@id":"https:\/\/jos3migu3lcab3zu3lo.es\/EscuelaMTBMalaga\/#organization"},"potentialAction":[{"@type":"SearchAction","target":{"@type":"EntryPoint","urlTemplate":"https:\/\/jos3migu3lcab3zu3lo.es\/EscuelaMTBMalaga\/?s={search_term_string}"},"query-input":{"@type":"PropertyValueSpecification","valueRequired":true,"valueName":"search_term_string"}}],"inLanguage":"es"},{"@type":"Organization","@id":"https:\/\/jos3migu3lcab3zu3lo.es\/EscuelaMTBMalaga\/#organization","name":"Club Ciclista Ciudad de M\u00e1laga","url":"https:\/\/jos3migu3lcab3zu3lo.es\/EscuelaMTBMalaga\/","logo":{"@type":"ImageObject","inLanguage":"es","@id":"https:\/\/jos3migu3lcab3zu3lo.es\/EscuelaMTBMalaga\/#\/schema\/logo\/image\/","url":"https:\/\/jos3migu3lcab3zu3lo.es\/EscuelaMTBMalaga\/wp-content\/uploads\/2024\/09\/Escuela2_chico.png","contentUrl":"https:\/\/jos3migu3lcab3zu3lo.es\/EscuelaMTBMalaga\/wp-content\/uploads\/2024\/09\/Escuela2_chico.png","width":189,"height":75,"caption":"Club Ciclista Ciudad de M\u00e1laga"},"image":{"@id":"https:\/\/jos3migu3lcab3zu3lo.es\/EscuelaMTBMalaga\/#\/schema\/logo\/image\/"},"sameAs":["https:\/\/www.facebook.com\/clubciclistaciudaddemalaga"]}]}},"_links":{"self":[{"href":"https:\/\/jos3migu3lcab3zu3lo.es\/EscuelaMTBMalaga\/wp-json\/wp\/v2\/pages\/140","targetHints":{"allow":["GET"]}}],"collection":[{"href":"https:\/\/jos3migu3lcab3zu3lo.es\/EscuelaMTBMalaga\/wp-json\/wp\/v2\/pages"}],"about":[{"href":"https:\/\/jos3migu3lcab3zu3lo.es\/EscuelaMTBMalaga\/wp-json\/wp\/v2\/types\/page"}],"author":[{"embeddable":true,"href":"https:\/\/jos3migu3lcab3zu3lo.es\/EscuelaMTBMalaga\/wp-json\/wp\/v2\/users\/1"}],"replies":[{"embeddable":true,"href":"https:\/\/jos3migu3lcab3zu3lo.es\/EscuelaMTBMalaga\/wp-json\/wp\/v2\/comments?post=140"}],"version-history":[{"count":2,"href":"https:\/\/jos3migu3lcab3zu3lo.es\/EscuelaMTBMalaga\/wp-json\/wp\/v2\/pages\/140\/revisions"}],"predecessor-version":[{"id":145,"href":"https:\/\/jos3migu3lcab3zu3lo.es\/EscuelaMTBMalaga\/wp-json\/wp\/v2\/pages\/140\/revisions\/145"}],"wp:attachment":[{"href":"https:\/\/jos3migu3lcab3zu3lo.es\/EscuelaMTBMalaga\/wp-json\/wp\/v2\/media?parent=140"}],"curies":[{"name":"wp","href":"https:\/\/api.w.org\/{rel}","templated":true}]}}