{"id":104,"date":"2024-09-09T12:56:20","date_gmt":"2024-09-09T10:56:20","guid":{"rendered":"https:\/\/jos3migu3lcab3zu3lo.es\/EscuelaMTBMalaga\/?page_id=104"},"modified":"2024-09-09T18:29:26","modified_gmt":"2024-09-09T16:29:26","slug":"reserva-de-plaza","status":"publish","type":"page","link":"https:\/\/jos3migu3lcab3zu3lo.es\/EscuelaMTBMalaga\/reserva-de-plaza\/","title":{"rendered":"Reserva de plaza"},"content":{"rendered":"\n<div class=\"wp-block-group alignfull has-accent-4-background-color has-background is-vertical is-content-justification-center is-nowrap is-layout-flex wp-container-core-group-is-layout-2215816d wp-block-group-is-layout-flex\" style=\"min-height:100vh;margin-top:0;margin-bottom:0;padding-top:var(--wp--preset--spacing--50);padding-right:var(--wp--preset--spacing--50);padding-bottom:var(--wp--preset--spacing--50);padding-left:var(--wp--preset--spacing--50)\">\n<div class=\"wp-block-columns alignwide are-vertically-aligned-center is-layout-flex wp-container-core-columns-is-layout-47c06fe3 wp-block-columns-is-layout-flex\">\n<div class=\"wp-block-column is-vertically-aligned-center is-layout-flow wp-block-column-is-layout-flow\" style=\"flex-basis:40%\">\n<div class=\"wp-block-group is-layout-flow wp-container-core-group-is-layout-8f7ed23f wp-block-group-is-layout-flow\" style=\"min-height:100%;margin-top:0;margin-bottom:0;padding-right:0;padding-left:0\">\n<h1 class=\"wp-block-heading has-text-align-right\" style=\"margin-right:0;margin-left:calc( var(--wp--preset--spacing--20) * -1);font-size:clamp(4.509rem, 4.509rem + ((1vw - 0.2rem) * 9.152), 10rem);line-height:1;writing-mode:vertical-rl\">Reserva<\/h1>\n\n\n\n<div class=\"wp-block-group has-global-padding is-content-justification-left is-layout-constrained wp-container-core-group-is-layout-0207514c wp-block-group-is-layout-constrained\" style=\"padding-right:0;padding-left:0\">\n<p class=\"wp-container-content-0733e5d0\">Matr\u00edcula 24 &#8211; 25.<\/p>\n\n\n\n<div class=\"wp-block-buttons is-layout-flex wp-block-buttons-is-layout-flex\">\n<div class=\"wp-block-button\"><a class=\"wp-block-button__link wp-element-button\">Reserva tu plaza<\/a><\/div>\n<\/div>\n<\/div>\n<\/div>\n<\/div>\n\n\n\n<div class=\"wp-block-column is-vertically-aligned-top is-layout-flow wp-block-column-is-layout-flow\" style=\"flex-basis:60%\">\n<figure class=\"wp-block-image size-full is-style-rounded is-style-rounded--1\"><img loading=\"lazy\" decoding=\"async\" width=\"848\" height=\"627\" src=\"https:\/\/jos3migu3lcab3zu3lo.es\/EscuelaMTBMalaga\/wp-content\/uploads\/2024\/09\/imagenPortada1-4.jpg\" alt=\"\" class=\"wp-image-105\" style=\"aspect-ratio:3\/4;object-fit:cover\" srcset=\"https:\/\/jos3migu3lcab3zu3lo.es\/EscuelaMTBMalaga\/wp-content\/uploads\/2024\/09\/imagenPortada1-4.jpg 848w, https:\/\/jos3migu3lcab3zu3lo.es\/EscuelaMTBMalaga\/wp-content\/uploads\/2024\/09\/imagenPortada1-4-300x222.jpg 300w, https:\/\/jos3migu3lcab3zu3lo.es\/EscuelaMTBMalaga\/wp-content\/uploads\/2024\/09\/imagenPortada1-4-768x568.jpg 768w\" sizes=\"auto, (max-width: 848px) 100vw, 848px\" \/><\/figure>\n<\/div>\n<\/div>\n<\/div>\n\n\n\n<p><strong>Detalles a tener en cuenta:<\/strong><\/p>\n\n\n\n<p>Escuela Ciclista para ni\u00f1os y ni\u00f1as entre 5 y 14 a\u00f1os.<\/p>\n\n\n\n<p>Clases los mi\u00e9rcoles y viernes de 17:30 a 19:30 en el Recinto Ferial de M\u00e1laga<\/p>\n\n\n\n<p><\/p>\n","protected":false},"excerpt":{"rendered":"<p>Reserva Matr\u00edcula 24 &#8211; 25. Detalles a tener en cuenta: Escuela Ciclista para ni\u00f1os y ni\u00f1as entre 5 y 14 a\u00f1os. Clases los mi\u00e9rcoles y viernes de 17:30 a 19:30 en el Recinto Ferial de M\u00e1laga<\/p>\n","protected":false},"author":1,"featured_media":0,"parent":0,"menu_order":0,"comment_status":"closed","ping_status":"closed","template":"","meta":{"footnotes":""},"class_list":["post-104","page","type-page","status-publish","hentry"],"yoast_head":"<!-- This site is optimized with the Yoast SEO plugin v23.4 - https:\/\/yoast.com\/wordpress\/plugins\/seo\/ -->\n<title>Reserva de plaza - Escuela Ciclista Ciudad de M\u00e1laga<\/title>\n<meta name=\"robots\" content=\"noindex, follow, max-snippet:-1, max-image-preview:large, max-video-preview:-1\" \/>\n<meta property=\"og:locale\" content=\"es_ES\" \/>\n<meta property=\"og:type\" content=\"article\" \/>\n<meta property=\"og:title\" content=\"Reserva de plaza - Escuela Ciclista Ciudad de M\u00e1laga\" \/>\n<meta property=\"og:description\" content=\"Reserva Matr\u00edcula 24 &#8211; 25. Detalles a tener en cuenta: Escuela Ciclista para ni\u00f1os y ni\u00f1as entre 5 y 14 a\u00f1os. Clases los mi\u00e9rcoles y viernes de 17:30 a 19:30 en el Recinto Ferial de M\u00e1laga\" \/>\n<meta property=\"og:url\" content=\"https:\/\/jos3migu3lcab3zu3lo.es\/EscuelaMTBMalaga\/reserva-de-plaza\/\" \/>\n<meta property=\"og:site_name\" content=\"Escuela Ciclista Ciudad de M\u00e1laga\" \/>\n<meta property=\"article:publisher\" content=\"https:\/\/www.facebook.com\/clubciclistaciudaddemalaga\" \/>\n<meta property=\"article:modified_time\" content=\"2024-09-09T16:29:26+00:00\" \/>\n<meta property=\"og:image\" content=\"https:\/\/jos3migu3lcab3zu3lo.es\/EscuelaMTBMalaga\/wp-content\/uploads\/2024\/09\/imagenPortada1-4.jpg\" \/>\n<meta name=\"twitter:card\" content=\"summary_large_image\" \/>\n<meta name=\"twitter:label1\" content=\"Tiempo de lectura\" \/>\n\t<meta name=\"twitter:data1\" content=\"1 minuto\" \/>\n<script type=\"application\/ld+json\" class=\"yoast-schema-graph\">{\"@context\":\"https:\/\/schema.org\",\"@graph\":[{\"@type\":\"WebPage\",\"@id\":\"https:\/\/jos3migu3lcab3zu3lo.es\/EscuelaMTBMalaga\/reserva-de-plaza\/\",\"url\":\"https:\/\/jos3migu3lcab3zu3lo.es\/EscuelaMTBMalaga\/reserva-de-plaza\/\",\"name\":\"Reserva de plaza - Escuela Ciclista Ciudad de M\u00e1laga\",\"isPartOf\":{\"@id\":\"https:\/\/jos3migu3lcab3zu3lo.es\/EscuelaMTBMalaga\/#website\"},\"primaryImageOfPage\":{\"@id\":\"https:\/\/jos3migu3lcab3zu3lo.es\/EscuelaMTBMalaga\/reserva-de-plaza\/#primaryimage\"},\"image\":{\"@id\":\"https:\/\/jos3migu3lcab3zu3lo.es\/EscuelaMTBMalaga\/reserva-de-plaza\/#primaryimage\"},\"thumbnailUrl\":\"https:\/\/jos3migu3lcab3zu3lo.es\/EscuelaMTBMalaga\/wp-content\/uploads\/2024\/09\/imagenPortada1-4.jpg\",\"datePublished\":\"2024-09-09T10:56:20+00:00\",\"dateModified\":\"2024-09-09T16:29:26+00:00\",\"breadcrumb\":{\"@id\":\"https:\/\/jos3migu3lcab3zu3lo.es\/EscuelaMTBMalaga\/reserva-de-plaza\/#breadcrumb\"},\"inLanguage\":\"es\",\"potentialAction\":[{\"@type\":\"ReadAction\",\"target\":[\"https:\/\/jos3migu3lcab3zu3lo.es\/EscuelaMTBMalaga\/reserva-de-plaza\/\"]}]},{\"@type\":\"ImageObject\",\"inLanguage\":\"es\",\"@id\":\"https:\/\/jos3migu3lcab3zu3lo.es\/EscuelaMTBMalaga\/reserva-de-plaza\/#primaryimage\",\"url\":\"https:\/\/jos3migu3lcab3zu3lo.es\/EscuelaMTBMalaga\/wp-content\/uploads\/2024\/09\/imagenPortada1-4.jpg\",\"contentUrl\":\"https:\/\/jos3migu3lcab3zu3lo.es\/EscuelaMTBMalaga\/wp-content\/uploads\/2024\/09\/imagenPortada1-4.jpg\",\"width\":848,\"height\":627},{\"@type\":\"BreadcrumbList\",\"@id\":\"https:\/\/jos3migu3lcab3zu3lo.es\/EscuelaMTBMalaga\/reserva-de-plaza\/#breadcrumb\",\"itemListElement\":[{\"@type\":\"ListItem\",\"position\":1,\"name\":\"Portada\",\"item\":\"https:\/\/jos3migu3lcab3zu3lo.es\/EscuelaMTBMalaga\/\"},{\"@type\":\"ListItem\",\"position\":2,\"name\":\"Reserva de plaza\"}]},{\"@type\":\"WebSite\",\"@id\":\"https:\/\/jos3migu3lcab3zu3lo.es\/EscuelaMTBMalaga\/#website\",\"url\":\"https:\/\/jos3migu3lcab3zu3lo.es\/EscuelaMTBMalaga\/\",\"name\":\"Club Ciclista Ciudad de M\u00e1laga\",\"description\":\"Somos un club ciclista en el que realizamos salidas cicloturistas todos los fines de semana, as\u00ed como impartimos clases durante la semana.\",\"publisher\":{\"@id\":\"https:\/\/jos3migu3lcab3zu3lo.es\/EscuelaMTBMalaga\/#organization\"},\"potentialAction\":[{\"@type\":\"SearchAction\",\"target\":{\"@type\":\"EntryPoint\",\"urlTemplate\":\"https:\/\/jos3migu3lcab3zu3lo.es\/EscuelaMTBMalaga\/?s={search_term_string}\"},\"query-input\":{\"@type\":\"PropertyValueSpecification\",\"valueRequired\":true,\"valueName\":\"search_term_string\"}}],\"inLanguage\":\"es\"},{\"@type\":\"Organization\",\"@id\":\"https:\/\/jos3migu3lcab3zu3lo.es\/EscuelaMTBMalaga\/#organization\",\"name\":\"Club Ciclista Ciudad de M\u00e1laga\",\"url\":\"https:\/\/jos3migu3lcab3zu3lo.es\/EscuelaMTBMalaga\/\",\"logo\":{\"@type\":\"ImageObject\",\"inLanguage\":\"es\",\"@id\":\"https:\/\/jos3migu3lcab3zu3lo.es\/EscuelaMTBMalaga\/#\/schema\/logo\/image\/\",\"url\":\"https:\/\/jos3migu3lcab3zu3lo.es\/EscuelaMTBMalaga\/wp-content\/uploads\/2024\/09\/Escuela2_chico.png\",\"contentUrl\":\"https:\/\/jos3migu3lcab3zu3lo.es\/EscuelaMTBMalaga\/wp-content\/uploads\/2024\/09\/Escuela2_chico.png\",\"width\":189,\"height\":75,\"caption\":\"Club Ciclista Ciudad de M\u00e1laga\"},\"image\":{\"@id\":\"https:\/\/jos3migu3lcab3zu3lo.es\/EscuelaMTBMalaga\/#\/schema\/logo\/image\/\"},\"sameAs\":[\"https:\/\/www.facebook.com\/clubciclistaciudaddemalaga\"]}]}<\/script>\n<!-- \/ Yoast SEO plugin. -->","yoast_head_json":{"title":"Reserva de plaza - Escuela Ciclista Ciudad de M\u00e1laga","robots":{"index":"noindex","follow":"follow","max-snippet":"max-snippet:-1","max-image-preview":"max-image-preview:large","max-video-preview":"max-video-preview:-1"},"og_locale":"es_ES","og_type":"article","og_title":"Reserva de plaza - Escuela Ciclista Ciudad de M\u00e1laga","og_description":"Reserva Matr\u00edcula 24 &#8211; 25. Detalles a tener en cuenta: Escuela Ciclista para ni\u00f1os y ni\u00f1as entre 5 y 14 a\u00f1os. Clases los mi\u00e9rcoles y viernes de 17:30 a 19:30 en el Recinto Ferial de M\u00e1laga","og_url":"https:\/\/jos3migu3lcab3zu3lo.es\/EscuelaMTBMalaga\/reserva-de-plaza\/","og_site_name":"Escuela Ciclista Ciudad de M\u00e1laga","article_publisher":"https:\/\/www.facebook.com\/clubciclistaciudaddemalaga","article_modified_time":"2024-09-09T16:29:26+00:00","og_image":[{"url":"https:\/\/jos3migu3lcab3zu3lo.es\/EscuelaMTBMalaga\/wp-content\/uploads\/2024\/09\/imagenPortada1-4.jpg"}],"twitter_card":"summary_large_image","twitter_misc":{"Tiempo de lectura":"1 minuto"},"schema":{"@context":"https:\/\/schema.org","@graph":[{"@type":"WebPage","@id":"https:\/\/jos3migu3lcab3zu3lo.es\/EscuelaMTBMalaga\/reserva-de-plaza\/","url":"https:\/\/jos3migu3lcab3zu3lo.es\/EscuelaMTBMalaga\/reserva-de-plaza\/","name":"Reserva de plaza - Escuela Ciclista Ciudad de M\u00e1laga","isPartOf":{"@id":"https:\/\/jos3migu3lcab3zu3lo.es\/EscuelaMTBMalaga\/#website"},"primaryImageOfPage":{"@id":"https:\/\/jos3migu3lcab3zu3lo.es\/EscuelaMTBMalaga\/reserva-de-plaza\/#primaryimage"},"image":{"@id":"https:\/\/jos3migu3lcab3zu3lo.es\/EscuelaMTBMalaga\/reserva-de-plaza\/#primaryimage"},"thumbnailUrl":"https:\/\/jos3migu3lcab3zu3lo.es\/EscuelaMTBMalaga\/wp-content\/uploads\/2024\/09\/imagenPortada1-4.jpg","datePublished":"2024-09-09T10:56:20+00:00","dateModified":"2024-09-09T16:29:26+00:00","breadcrumb":{"@id":"https:\/\/jos3migu3lcab3zu3lo.es\/EscuelaMTBMalaga\/reserva-de-plaza\/#breadcrumb"},"inLanguage":"es","potentialAction":[{"@type":"ReadAction","target":["https:\/\/jos3migu3lcab3zu3lo.es\/EscuelaMTBMalaga\/reserva-de-plaza\/"]}]},{"@type":"ImageObject","inLanguage":"es","@id":"https:\/\/jos3migu3lcab3zu3lo.es\/EscuelaMTBMalaga\/reserva-de-plaza\/#primaryimage","url":"https:\/\/jos3migu3lcab3zu3lo.es\/EscuelaMTBMalaga\/wp-content\/uploads\/2024\/09\/imagenPortada1-4.jpg","contentUrl":"https:\/\/jos3migu3lcab3zu3lo.es\/EscuelaMTBMalaga\/wp-content\/uploads\/2024\/09\/imagenPortada1-4.jpg","width":848,"height":627},{"@type":"BreadcrumbList","@id":"https:\/\/jos3migu3lcab3zu3lo.es\/EscuelaMTBMalaga\/reserva-de-plaza\/#breadcrumb","itemListElement":[{"@type":"ListItem","position":1,"name":"Portada","item":"https:\/\/jos3migu3lcab3zu3lo.es\/EscuelaMTBMalaga\/"},{"@type":"ListItem","position":2,"name":"Reserva de plaza"}]},{"@type":"WebSite","@id":"https:\/\/jos3migu3lcab3zu3lo.es\/EscuelaMTBMalaga\/#website","url":"https:\/\/jos3migu3lcab3zu3lo.es\/EscuelaMTBMalaga\/","name":"Club Ciclista Ciudad de M\u00e1laga","description":"Somos un club ciclista en el que realizamos salidas cicloturistas todos los fines de semana, as\u00ed como impartimos clases durante la semana.","publisher":{"@id":"https:\/\/jos3migu3lcab3zu3lo.es\/EscuelaMTBMalaga\/#organization"},"potentialAction":[{"@type":"SearchAction","target":{"@type":"EntryPoint","urlTemplate":"https:\/\/jos3migu3lcab3zu3lo.es\/EscuelaMTBMalaga\/?s={search_term_string}"},"query-input":{"@type":"PropertyValueSpecification","valueRequired":true,"valueName":"search_term_string"}}],"inLanguage":"es"},{"@type":"Organization","@id":"https:\/\/jos3migu3lcab3zu3lo.es\/EscuelaMTBMalaga\/#organization","name":"Club Ciclista Ciudad de M\u00e1laga","url":"https:\/\/jos3migu3lcab3zu3lo.es\/EscuelaMTBMalaga\/","logo":{"@type":"ImageObject","inLanguage":"es","@id":"https:\/\/jos3migu3lcab3zu3lo.es\/EscuelaMTBMalaga\/#\/schema\/logo\/image\/","url":"https:\/\/jos3migu3lcab3zu3lo.es\/EscuelaMTBMalaga\/wp-content\/uploads\/2024\/09\/Escuela2_chico.png","contentUrl":"https:\/\/jos3migu3lcab3zu3lo.es\/EscuelaMTBMalaga\/wp-content\/uploads\/2024\/09\/Escuela2_chico.png","width":189,"height":75,"caption":"Club Ciclista Ciudad de M\u00e1laga"},"image":{"@id":"https:\/\/jos3migu3lcab3zu3lo.es\/EscuelaMTBMalaga\/#\/schema\/logo\/image\/"},"sameAs":["https:\/\/www.facebook.com\/clubciclistaciudaddemalaga"]}]}},"_links":{"self":[{"href":"https:\/\/jos3migu3lcab3zu3lo.es\/EscuelaMTBMalaga\/wp-json\/wp\/v2\/pages\/104","targetHints":{"allow":["GET"]}}],"collection":[{"href":"https:\/\/jos3migu3lcab3zu3lo.es\/EscuelaMTBMalaga\/wp-json\/wp\/v2\/pages"}],"about":[{"href":"https:\/\/jos3migu3lcab3zu3lo.es\/EscuelaMTBMalaga\/wp-json\/wp\/v2\/types\/page"}],"author":[{"embeddable":true,"href":"https:\/\/jos3migu3lcab3zu3lo.es\/EscuelaMTBMalaga\/wp-json\/wp\/v2\/users\/1"}],"replies":[{"embeddable":true,"href":"https:\/\/jos3migu3lcab3zu3lo.es\/EscuelaMTBMalaga\/wp-json\/wp\/v2\/comments?post=104"}],"version-history":[{"count":5,"href":"https:\/\/jos3migu3lcab3zu3lo.es\/EscuelaMTBMalaga\/wp-json\/wp\/v2\/pages\/104\/revisions"}],"predecessor-version":[{"id":168,"href":"https:\/\/jos3migu3lcab3zu3lo.es\/EscuelaMTBMalaga\/wp-json\/wp\/v2\/pages\/104\/revisions\/168"}],"wp:attachment":[{"href":"https:\/\/jos3migu3lcab3zu3lo.es\/EscuelaMTBMalaga\/wp-json\/wp\/v2\/media?parent=104"}],"curies":[{"name":"wp","href":"https:\/\/api.w.org\/{rel}","templated":true}]}}